{"id":9,"date":"2020-06-04T10:47:04","date_gmt":"2020-06-04T07:47:04","guid":{"rendered":"https:\/\/themes.muffingroup.com\/be\/erp2\/?page_id=9"},"modified":"2021-05-07T00:00:42","modified_gmt":"2021-05-06T21:00:42","slug":"neler-yapiyoruz","status":"publish","type":"page","link":"https:\/\/starthubdigital.com\/en\/what-we-do\/","title":{"rendered":"What Are We Doing?"},"content":{"rendered":"<div data-elementor-type=\"wp-page\"   data-elementor-id=\"9\"   class=\"elementor elementor-9\"   data-elementor-settings=\"[]\">\n\t\t\t\t\t\t\t<div class=\"elementor-section-wrap\">\n\t\t\t\t\t\t\t<section class=\"elementor-section elementor-top-section elementor-element elementor-element-22866d3 elementor-section-stretched elementor-section-boxed elementor-section-height-default elementor-section-height-default\"   data-id=\"22866d3\"   data-element_type=\"section\"   data-settings=\"{&quot;stretch_section&quot;:&quot;section-stretched&quot;}\">\n\t\t\t\t\t\t<div class=\"elementor-container elementor-column-gap-wider\">\n\t\t\t\t\t<div class=\"elementor-column elementor-col-100 elementor-top-column elementor-element elementor-element-a178bb7\"   data-id=\"a178bb7\"  data-element_type=\"column\">\n\t\t\t<div class=\"elementor-widget-wrap elementor-element-populated\">\n\t\t\t\t\t\t\t\t<section class=\"elementor-section elementor-inner-section elementor-element elementor-element-7ba5bbf elementor-section-boxed elementor-section-height-default elementor-section-height-default\"  data-id=\"7ba5bbf\" data-element_type=\"section\">\n\t\t\t\t\t\t<div class=\"elementor-container elementor-column-gap-default\">\n\t\t\t\t\t<div class=\"elementor-column elementor-col-50 elementor-inner-column elementor-element elementor-element-cdaa880\" data-id=\"cdaa880\" data-element_type=\"column\">\n\t\t\t<div class=\"elementor-widget-wrap elementor-element-populated\">\n\t\t\t\t\t\t\t\t<div class=\"elementor-element elementor-element-6a1a7d1 elementor-widget elementor-widget-text-editor\"   data-id=\"6a1a7d1\"   data-element_type=\"widget\"   data-widget_type=\"text-editor.default\">\n\t\t\t\t<div class=\"elementor-widget-container\">\n\t\t\t\t\t<div class=\"elementor-text-editor elementor-clearfix\"><h5 class=\"themecolor\">What are we doing?<\/h5><h2>Digital Advertising Agency Activities<\/h2><p><style>.tb_button {padding:1px;cursor:pointer;border-right: 1px solid #8b8b8b;border-left: 1px solid #FFF;border-bottom: 1px solid #fff;}.tb_button.hover {borer:2px outset #def; background-color: #f8f8f8 !important;}.ws_toolbar {z-index:100000} .ws_toolbar .ws_tb_btn {cursor:pointer;border:1px solid #555;padding:3px}   .tb_highlight{background-color:yellow} .tb_hide {visibility:hidden} .ws_toolbar img {padding:2px;margin:0px}<\/style><\/p><p><\/p><\/div>\n\t\t\t\t<\/div>\n\t\t\t\t<\/div>\n\t\t\t\t<div class=\"elementor-element elementor-element-923fb7a elementor-widget elementor-widget-text-editor\"   data-id=\"923fb7a\"   data-element_type=\"widget\"   data-widget_type=\"text-editor.default\">\n\t\t\t\t<div class=\"elementor-widget-container\">\n\t\t\t\t\t<div class=\"elementor-text-editor elementor-clearfix\"><h5>We protect the internet presence of your company or brand like our eyes. We manage all digital processes with our expert staff. We create your digital identity by making your web design that is unique, mobile compatible and has a flexible software infrastructure with designs specific to your brand and meets all the standards of search engines. <\/h5>\n\nWe are here for all the operations you expect as a digital advertising agency. We provide sustainable digital development with our dynamic and experienced approach. Meet our team that runs creative solutions and analytical processes together.\n&nbsp;<\/div>\n\t\t\t\t<\/div>\n\t\t\t\t<\/div>\n\t\t\t\t<div class=\"elementor-element elementor-element-6b73e39 elementor-widget elementor-widget-spacer\"   data-id=\"6b73e39\"   data-element_type=\"widget\"   data-widget_type=\"spacer.default\">\n\t\t\t\t<div class=\"elementor-widget-container\">\n\t\t\t\t\t<div class=\"elementor-spacer\">\n\t\t\t<div class=\"elementor-spacer-inner\"><\/div>\n\t\t<\/div>\n\t\t\t\t<\/div>\n\t\t\t\t<\/div>\n\t\t\t\t<div class=\"elementor-element elementor-element-ff133e5 elementor-widget elementor-widget-image\"   data-id=\"ff133e5\"   data-element_type=\"widget\"   data-widget_type=\"image.default\">\n\t\t\t\t<div class=\"elementor-widget-container\">\n\t\t\t\t\t<div class=\"elementor-image\">\n\t\t\t\t\t\t\t\t\t\t<img width=\"960\"   height=\"694\"   src=\"https:\/\/starthubdigital.com\/wp-content\/uploads\/2021\/05\/erp2-about-pic3.png\"   class=\"attachment-blog-portfolio size-blog-portfolio\"   alt=\"\"   decoding=\"async\"   loading=\"lazy\"   srcset=\"https:\/\/starthubdigital.com\/wp-content\/uploads\/2021\/05\/erp2-about-pic3.png 960w, https:\/\/starthubdigital.com\/wp-content\/uploads\/2021\/05\/erp2-about-pic3-300x217.png 300w, https:\/\/starthubdigital.com\/wp-content\/uploads\/2021\/05\/erp2-about-pic3-768x555.png 768w, https:\/\/starthubdigital.com\/wp-content\/uploads\/2021\/05\/erp2-about-pic3-202x146.png 202w, https:\/\/starthubdigital.com\/wp-content\/uploads\/2021\/05\/erp2-about-pic3-50x36.png 50w, https:\/\/starthubdigital.com\/wp-content\/uploads\/2021\/05\/erp2-about-pic3-104x75.png 104w\"   sizes=\"(max-width: 960px) 100vw, 960px\" \/>\t\t\t\t\t\t\t\t\t\t\t<\/div>\n\t\t\t\t<\/div>\n\t\t\t\t<\/div>\n\t\t\t\t\t<\/div>\n\t\t<\/div>\n\t\t\t\t<div class=\"elementor-column elementor-col-50 elementor-inner-column elementor-element elementor-element-7107c78\"   data-id=\"7107c78\"   data-element_type=\"column\">\n\t\t\t<div class=\"elementor-widget-wrap elementor-element-populated\">\n\t\t\t\t\t\t\t\t<div class=\"elementor-element elementor-element-379dc68 elementor-widget elementor-widget-image\"   data-id=\"379dc68\"   data-element_type=\"widget\"  data-widget_type=\"image.default\">\n\t\t\t\t<div class=\"elementor-widget-container\">\n\t\t\t\t\t<div class=\"elementor-image\">\n\t\t\t\t\t\t\t\t\t\t<img width=\"780\"   height=\"850\"   src=\"https:\/\/starthubdigital.com\/wp-content\/uploads\/2020\/06\/erp2-home-cslider-pic1.jpg\"   class=\"attachment-large size-large\"   alt=\"\"   decoding=\"async\"   loading=\"lazy\"   srcset=\"https:\/\/starthubdigital.com\/wp-content\/uploads\/2020\/06\/erp2-home-cslider-pic1.jpg 780w, https:\/\/starthubdigital.com\/wp-content\/uploads\/2020\/06\/erp2-home-cslider-pic1-275x300.jpg 275w, https:\/\/starthubdigital.com\/wp-content\/uploads\/2020\/06\/erp2-home-cslider-pic1-768x837.jpg 768w, https:\/\/starthubdigital.com\/wp-content\/uploads\/2020\/06\/erp2-home-cslider-pic1-134x146.jpg 134w, https:\/\/starthubdigital.com\/wp-content\/uploads\/2020\/06\/erp2-home-cslider-pic1-46x50.jpg 46w, https:\/\/starthubdigital.com\/wp-content\/uploads\/2020\/06\/erp2-home-cslider-pic1-69x75.jpg 69w\"  sizes=\"(max-width: 780px) 100vw, 780px\" \/>\t\t\t\t\t\t\t\t\t\t\t<\/div>\n\t\t\t\t<\/div>\n\t\t\t\t<\/div>\n\t\t\t\t<div class=\"elementor-element elementor-element-545eb62 elementor-widget elementor-widget-text-editor\"   data-id=\"545eb62\"   data-element_type=\"widget\"   data-widget_type=\"text-editor.default\">\n\t\t\t\t<div class=\"elementor-widget-container\">\n\t\t\t\t\t<div class=\"elementor-text-editor elementor-clearfix\"><h2>SEO Activities<\/h2>\n<style>.tb_button {padding:1px;cursor:pointer;border-right: 1px solid #8b8b8b;border-left: 1px solid #FFF;border-bottom: 1px solid #fff;}.tb_button.hover {borer:2px outset #def; background-color: #f8f8f8 !important;}.ws_toolbar {z-index:100000} .ws_toolbar .ws_tb_btn {cursor:pointer;border:1px solid #555;padding:3px}   .tb_highlight{background-color:yellow} .tb_hide {visibility:hidden} .ws_toolbar img {padding:2px;margin:0px}<\/style><\/div>\n\t\t\t\t<\/div>\n\t\t\t\t<\/div>\n\t\t\t\t<div class=\"elementor-element elementor-element-b6bc4da elementor-widget elementor-widget-text-editor\"   data-id=\"b6bc4da\"   data-element_type=\"widget\"   data-widget_type=\"text-editor.default\">\n\t\t\t\t<div class=\"elementor-widget-container\">\n\t\t\t\t\t<div class=\"elementor-text-editor elementor-clearfix\"><h5>Since 2009, we have had the opportunity to test our experience with well-established companies and succeed. Now, we are proud to carry a name worthy of Turkey, Seo.com.tr.<\/h5><p>Working with Starthub Digital offers you boutique services. We train your IT Team. We tell you about the stages we have brought from the beginning to the end of your site and most importantly, we listen to you. Our sensitivity in this matter is not only to raise your website to the top of google, but in second words, we will tell you how long you will dominate the top after being on the top and we will sign a long-term project.<\/p><p><style>.tb_button {padding:1px;cursor:pointer;border-right: 1px solid #8b8b8b;border-left: 1px solid #FFF;border-bottom: 1px solid #fff;}.tb_button.hover {borer:2px outset #def; background-color: #f8f8f8 !important;}.ws_toolbar {z-index:100000} .ws_toolbar .ws_tb_btn {cursor:pointer;border:1px solid #555;padding:3px}   .tb_highlight{background-color:yellow} .tb_hide {visibility:hidden} .ws_toolbar img {padding:2px;margin:0px}<\/style><\/p><p><\/p><\/div>\n\t\t\t\t<\/div>\n\t\t\t\t<\/div>\n\t\t\t\t\t<\/div>\n\t\t<\/div>\n\t\t\t\t\t\t\t<\/div>\n\t\t<\/section>\n\t\t\t\t\t<\/div>\n\t\t<\/div>\n\t\t\t\t\t\t\t<\/div>\n\t\t<\/section>\n\t\t\t\t<section class=\"elementor-section elementor-top-section elementor-element elementor-element-6edc9e7 elementor-section-stretched elementor-section-boxed elementor-section-height-default elementor-section-height-default\"   data-id=\"6edc9e7\"   data-element_type=\"section\"   data-settings=\"{&quot;stretch_section&quot;:&quot;section-stretched&quot;}\">\n\t\t\t\t\t\t<div class=\"elementor-container elementor-column-gap-wider\">\n\t\t\t\t\t<div class=\"elementor-column elementor-col-100 elementor-top-column elementor-element elementor-element-60bd3dd\"   data-id=\"60bd3dd\"  data-element_type=\"column\">\n\t\t\t<div class=\"elementor-widget-wrap elementor-element-populated\">\n\t\t\t\t\t\t\t\t<div class=\"elementor-element elementor-element-c54318f elementor-widget elementor-widget-image\"   data-id=\"c54318f\"  data-element_type=\"widget\" data-widget_type=\"image.default\">\n\t\t\t\t<div class=\"elementor-widget-container\">\n\t\t\t\t\t<div class=\"elementor-image\">\n\t\t\t\t\t\t\t\t\t\t<img decoding=\"async\"   src=\"https:\/\/starthubdigital.com\/wp-content\/uploads\/elementor\/thumbs\/shutterstock_714655705-pw23spyx7hkr8sw8k3tj7u2ch9qwskd86wc3nvor3k.jpg\"   title=\"shutterstock_714655705\"  alt=\"shutterstock_714655705\" \/>\t\t\t\t\t\t\t\t\t\t\t<\/div>\n\t\t\t\t<\/div>\n\t\t\t\t<\/div>\n\t\t\t\t<div class=\"elementor-element elementor-element-fe6b9d5 elementor-widget elementor-widget-text-editor\"   data-id=\"fe6b9d5\"   data-element_type=\"widget\"   data-widget_type=\"text-editor.default\">\n\t\t\t\t<div class=\"elementor-widget-container\">\n\t\t\t\t\t<div class=\"elementor-text-editor elementor-clearfix\"><h2>Mobil App<\/h2><p><style>.tb_button {padding:1px;cursor:pointer;border-right: 1px solid #8b8b8b;border-left: 1px solid #FFF;border-bottom: 1px solid #fff;}.tb_button.hover {borer:2px outset #def; background-color: #f8f8f8 !important;}.ws_toolbar {z-index:100000} .ws_toolbar .ws_tb_btn {cursor:pointer;border:1px solid #555;padding:3px}   .tb_highlight{background-color:yellow} .tb_hide {visibility:hidden} .ws_toolbar img {padding:2px;margin:0px}<\/style><\/p><p><\/p><\/div>\n\t\t\t\t<\/div>\n\t\t\t\t<\/div>\n\t\t\t\t<div class=\"elementor-element elementor-element-12b7dab elementor-widget elementor-widget-text-editor\"   data-id=\"12b7dab\"   data-element_type=\"widget\"   data-widget_type=\"text-editor.default\">\n\t\t\t\t<div class=\"elementor-widget-container\">\n\t\t\t\t\t<div class=\"elementor-text-editor elementor-clearfix\"><h5><span style=\"font-weight: 400;\">In our daily life, almost everyone, from small to large, has smart phones that they always carry with them even when going out. The mobile application is the software that is specially coded for both mobile phones and operating systems such as tablets. In general, we would like to underline that although such application systems are confused with the mobile site, they do not have much similarity between them. Such applications are designed and coded specifically for the device.<\/span><\/h5><p>If you want your work to be able to work on devices such as iphone, ipad, then it is absolutely necessary to focus on the development of applications based on IOS. Nowadays, we can say that mobile application has become extremely important. Naturally, some people are beginning to wonder why the Mobile Application (IOS and Android) is so important.<\/p><p><style>.tb_button {padding:1px;cursor:pointer;border-right: 1px solid #8b8b8b;border-left: 1px solid #FFF;border-bottom: 1px solid #fff;}.tb_button.hover {borer:2px outset #def; background-color: #f8f8f8 !important;}.ws_toolbar {z-index:100000} .ws_toolbar .ws_tb_btn {cursor:pointer;border:1px solid #555;padding:3px}   .tb_highlight{background-color:yellow} .tb_hide {visibility:hidden} .ws_toolbar img {padding:2px;margin:0px}<\/style><\/p><p><\/p><\/div>\n\t\t\t\t<\/div>\n\t\t\t\t<\/div>\n\t\t\t\t\t<\/div>\n\t\t<\/div>\n\t\t\t\t\t\t\t<\/div>\n\t\t<\/section>\n\t\t\t\t<section class=\"elementor-section elementor-top-section elementor-element elementor-element-97139d6 elementor-section-full_width elementor-section-stretched elementor-section-height-default elementor-section-height-default\"   data-id=\"97139d6\"   data-element_type=\"section\"   data-settings=\"{&quot;stretch_section&quot;:&quot;section-stretched&quot;}\">\n\t\t\t\t\t\t<div class=\"elementor-container elementor-column-gap-wider\">\n\t\t\t\t\t\t\t\t<\/div>\n\t\t<\/section>\n\t\t\t\t<section class=\"elementor-section elementor-top-section elementor-element elementor-element-99dd9a7 elementor-section-stretched elementor-section-boxed elementor-section-height-default elementor-section-height-default\"   data-id=\"99dd9a7\"   data-element_type=\"section\"   data-settings=\"{&quot;stretch_section&quot;:&quot;section-stretched&quot;,&quot;background_background&quot;:&quot;classic&quot;}\">\n\t\t\t\t\t\t<div class=\"elementor-container elementor-column-gap-wider\">\n\t\t\t\t\t<div class=\"elementor-column elementor-col-100 elementor-top-column elementor-element elementor-element-06ed020\"   data-id=\"06ed020\"  data-element_type=\"column\">\n\t\t\t<div class=\"elementor-widget-wrap elementor-element-populated\">\n\t\t\t\t\t\t\t\t<section class=\"elementor-section elementor-inner-section elementor-element elementor-element-8bd1102 elementor-section-content-middle elementor-section-boxed elementor-section-height-default elementor-section-height-default\"  data-id=\"8bd1102\" data-element_type=\"section\">\n\t\t\t\t\t\t<div class=\"elementor-container elementor-column-gap-default\">\n\t\t\t\t\t<div class=\"elementor-column elementor-col-33 elementor-inner-column elementor-element elementor-element-a9b0424\"  data-id=\"a9b0424\" data-element_type=\"column\">\n\t\t\t<div class=\"elementor-widget-wrap\">\n\t\t\t\t\t\t\t\t\t<\/div>\n\t\t<\/div>\n\t\t\t\t<div class=\"elementor-column elementor-col-33 elementor-inner-column elementor-element elementor-element-70d584a\"   data-id=\"70d584a\"   data-element_type=\"column\">\n\t\t\t<div class=\"elementor-widget-wrap elementor-element-populated\">\n\t\t\t\t\t\t\t\t<div class=\"elementor-element elementor-element-6322db7 elementor-widget elementor-widget-text-editor\"   data-id=\"6322db7\"   data-element_type=\"widget\"   data-widget_type=\"text-editor.default\">\n\t\t\t\t<div class=\"elementor-widget-container\">\n\t\t\t\t\t<div class=\"elementor-text-editor elementor-clearfix\"><h5>For all your questions, comments and suggestions<\/h5>\n<h3><span style=\"color: #000000;\">Call us now!<\/span><\/h3>\n&nbsp;<\/div>\n\t\t\t\t<\/div>\n\t\t\t\t<\/div>\n\t\t\t\t\t<\/div>\n\t\t<\/div>\n\t\t\t\t<div class=\"elementor-column elementor-col-33 elementor-inner-column elementor-element elementor-element-99d5f71\"   data-id=\"99d5f71\"   data-element_type=\"column\">\n\t\t\t<div class=\"elementor-widget-wrap elementor-element-populated\">\n\t\t\t\t\t\t\t\t<div class=\"elementor-element elementor-element-bf9f308 elementor-align-center elementor-widget elementor-widget-button\"   data-id=\"bf9f308\"   data-element_type=\"widget\"  data-widget_type=\"button.default\">\n\t\t\t\t<div class=\"elementor-widget-container\">\n\t\t\t\t\t<div class=\"elementor-button-wrapper\">\n\t\t\t<a href=\"https:\/\/starthubdigital.com\/en\/contact\/\"   class=\"elementor-button-link elementor-button elementor-size-sm\" role=\"button\">\n\t\t\t\t\t\t<span class=\"elementor-button-content-wrapper\">\n\t\t\t\t\t\t<span class=\"elementor-button-text\">Contact us<\/span>\n\t\t<\/span>\n\t\t\t\t\t<\/a>\n\t\t<\/div>\n\t\t\t\t<\/div>\n\t\t\t\t<\/div>\n\t\t\t\t\t<\/div>\n\t\t<\/div>\n\t\t\t\t\t\t\t<\/div>\n\t\t<\/section>\n\t\t\t\t\t<\/div>\n\t\t<\/div>\n\t\t\t\t\t\t\t<\/div>\n\t\t<\/section>\n\t\t\t\t\t\t<\/div>\n\t\t\t\t\t<\/div>","protected":false},"excerpt":{"rendered":"<p>Neler yap\u0131yoruz? Dijital Reklam Ajans\u0131 Faaliyetleri \u015eirketinizin veya markan\u0131z\u0131n internette varl\u0131\u011f\u0131n\u0131 g\u00f6z\u00fcm\u00fcz gibi koruruz. T\u00fcm dijital s\u00fcre\u00e7leri uzman kadromuzla biz y\u00f6netiriz. \u00d6zg\u00fcn, mobil uyumlu ve markan\u0131za<span class=\"excerpt-hellip\"> [\u2026]<\/span><\/p>","protected":false},"author":3,"featured_media":0,"parent":0,"menu_order":0,"comment_status":"closed","ping_status":"closed","template":"","meta":[],"yoast_head":"<!-- This site is optimized with the Yoast SEO plugin v17.5 - https:\/\/yoast.com\/wordpress\/plugins\/seo\/ -->\n<title>Neler Yap\u0131yoruz? - Starthub Digital<\/title>\n<meta name=\"robots\"  content=\"index, follow, max-snippet:-1, max-image-preview:large, max-video-preview:-1\" \/>\n<link rel=\"canonical\"  href=\"https:\/\/starthubdigital.com\/en\/what-we-do\/\" \/>\n<meta property=\"og:locale\"  content=\"en_US\" \/>\n<meta property=\"og:type\"  content=\"article\" \/>\n<meta property=\"og:title\"  content=\"Neler Yap\u0131yoruz? - Starthub Digital\" \/>\n<meta property=\"og:description\"  content=\"Neler yap\u0131yoruz? Dijital Reklam Ajans\u0131 Faaliyetleri \u015eirketinizin veya markan\u0131z\u0131n internette varl\u0131\u011f\u0131n\u0131 g\u00f6z\u00fcm\u00fcz gibi koruruz. T\u00fcm dijital s\u00fcre\u00e7leri uzman kadromuzla biz y\u00f6netiriz. \u00d6zg\u00fcn, mobil uyumlu ve markan\u0131za [\u2026]\" \/>\n<meta property=\"og:url\"  content=\"https:\/\/starthubdigital.com\/en\/what-we-do\/\" \/>\n<meta property=\"og:site_name\"  content=\"Starthub Digital\" \/>\n<meta property=\"article:publisher\"  content=\"https:\/\/www.facebook.com\/starthubdigital\" \/>\n<meta property=\"article:modified_time\"  content=\"2021-05-06T21:00:42+00:00\" \/>\n<meta property=\"og:image\"  content=\"https:\/\/starthubdigital.com\/wp-content\/uploads\/2021\/05\/erp2-about-pic3.png\" \/>\n<meta name=\"twitter:card\" content=\"summary_large_image\" \/>\n<meta name=\"twitter:site\" content=\"@starthubdigital\" \/>\n<meta name=\"twitter:label1\" content=\"Est. reading time\" \/>\n\t<meta name=\"twitter:data1\" content=\"2 minutes\" \/>\n<script type=\"application\/ld+json\" class=\"yoast-schema-graph\">{\"@context\":\"https:\/\/schema.org\",\"@graph\":[{\"@type\":\"Organization\",\"@id\":\"https:\/\/starthubdigital.com\/#organization\",\"name\":\"Starthub Digital\",\"url\":\"https:\/\/starthubdigital.com\/\",\"sameAs\":[\"https:\/\/www.facebook.com\/starthubdigital\",\"https:\/\/www.instagram.com\/starthubdigital\/\",\"https:\/\/www.linkedin.com\/company\/81647832\/admin\/\",\"https:\/\/www.youtube.com\/channel\/UCtPJ6ciswIJkBkDqAxngAgw\",\"https:\/\/tr.pinterest.com\/starthubdigital\/_saved\/\",\"https:\/\/twitter.com\/starthubdigital\"],\"logo\":{\"@type\":\"ImageObject\",\"@id\":\"https:\/\/starthubdigital.com\/#logo\",\"inLanguage\":\"en-US\",\"url\":\"https:\/\/starthubdigital.com\/wp-content\/uploads\/2022\/05\/WhatsApp-Image-2022-05-10-at-20.31.32-1.jpeg\",\"contentUrl\":\"https:\/\/starthubdigital.com\/wp-content\/uploads\/2022\/05\/WhatsApp-Image-2022-05-10-at-20.31.32-1.jpeg\",\"width\":724,\"height\":1024,\"caption\":\"Starthub Digital\"},\"image\":{\"@id\":\"https:\/\/starthubdigital.com\/#logo\"}},{\"@type\":\"WebSite\",\"@id\":\"https:\/\/starthubdigital.com\/#website\",\"url\":\"https:\/\/starthubdigital.com\/\",\"name\":\"Starthub Digital\",\"description\":\"Show Yourself!\",\"publisher\":{\"@id\":\"https:\/\/starthubdigital.com\/#organization\"},\"potentialAction\":[{\"@type\":\"SearchAction\",\"target\":{\"@type\":\"EntryPoint\",\"urlTemplate\":\"https:\/\/starthubdigital.com\/?s={search_term_string}\"},\"query-input\":\"required name=search_term_string\"}],\"inLanguage\":\"en-US\"},{\"@type\":\"ImageObject\",\"@id\":\"https:\/\/starthubdigital.com\/en\/what-we-do\/#primaryimage\",\"inLanguage\":\"en-US\",\"url\":\"https:\/\/starthubdigital.com\/wp-content\/uploads\/2021\/05\/erp2-about-pic3.png\",\"contentUrl\":\"https:\/\/starthubdigital.com\/wp-content\/uploads\/2021\/05\/erp2-about-pic3.png\",\"width\":960,\"height\":694},{\"@type\":\"WebPage\",\"@id\":\"https:\/\/starthubdigital.com\/en\/what-we-do\/#webpage\",\"url\":\"https:\/\/starthubdigital.com\/en\/what-we-do\/\",\"name\":\"Neler Yap\\u0131yoruz? - Starthub Digital\",\"isPartOf\":{\"@id\":\"https:\/\/starthubdigital.com\/#website\"},\"primaryImageOfPage\":{\"@id\":\"https:\/\/starthubdigital.com\/en\/what-we-do\/#primaryimage\"},\"datePublished\":\"2020-06-04T07:47:04+00:00\",\"dateModified\":\"2021-05-06T21:00:42+00:00\",\"breadcrumb\":{\"@id\":\"https:\/\/starthubdigital.com\/en\/what-we-do\/#breadcrumb\"},\"inLanguage\":\"en-US\",\"potentialAction\":[{\"@type\":\"ReadAction\",\"target\":[\"https:\/\/starthubdigital.com\/en\/what-we-do\/\"]}]},{\"@type\":\"BreadcrumbList\",\"@id\":\"https:\/\/starthubdigital.com\/en\/what-we-do\/#breadcrumb\",\"itemListElement\":[{\"@type\":\"ListItem\",\"position\":1,\"name\":\"Anasayfa\",\"item\":\"https:\/\/starthubdigital.com\/\"},{\"@type\":\"ListItem\",\"position\":2,\"name\":\"Neler Yap\\u0131yoruz?\"}]}]}<\/script>\n<!-- \/ Yoast SEO plugin. -->","yoast_head_json":{"title":"Neler Yap\u0131yoruz? - Starthub Digital","robots":{"index":"index","follow":"follow","max-snippet":"max-snippet:-1","max-image-preview":"max-image-preview:large","max-video-preview":"max-video-preview:-1"},"canonical":"https:\/\/starthubdigital.com\/en\/what-we-do\/","og_locale":"en_US","og_type":"article","og_title":"Neler Yap\u0131yoruz? - Starthub Digital","og_description":"Neler yap\u0131yoruz? Dijital Reklam Ajans\u0131 Faaliyetleri \u015eirketinizin veya markan\u0131z\u0131n internette varl\u0131\u011f\u0131n\u0131 g\u00f6z\u00fcm\u00fcz gibi koruruz. T\u00fcm dijital s\u00fcre\u00e7leri uzman kadromuzla biz y\u00f6netiriz. \u00d6zg\u00fcn, mobil uyumlu ve markan\u0131za [\u2026]","og_url":"https:\/\/starthubdigital.com\/en\/what-we-do\/","og_site_name":"Starthub Digital","article_publisher":"https:\/\/www.facebook.com\/starthubdigital","article_modified_time":"2021-05-06T21:00:42+00:00","og_image":[{"url":"https:\/\/starthubdigital.com\/wp-content\/uploads\/2021\/05\/erp2-about-pic3.png"}],"twitter_card":"summary_large_image","twitter_site":"@starthubdigital","twitter_misc":{"Est. reading time":"2 minutes"},"schema":{"@context":"https:\/\/schema.org","@graph":[{"@type":"Organization","@id":"https:\/\/starthubdigital.com\/#organization","name":"Starthub Digital","url":"https:\/\/starthubdigital.com\/","sameAs":["https:\/\/www.facebook.com\/starthubdigital","https:\/\/www.instagram.com\/starthubdigital\/","https:\/\/www.linkedin.com\/company\/81647832\/admin\/","https:\/\/www.youtube.com\/channel\/UCtPJ6ciswIJkBkDqAxngAgw","https:\/\/tr.pinterest.com\/starthubdigital\/_saved\/","https:\/\/twitter.com\/starthubdigital"],"logo":{"@type":"ImageObject","@id":"https:\/\/starthubdigital.com\/#logo","inLanguage":"en-US","url":"https:\/\/starthubdigital.com\/wp-content\/uploads\/2022\/05\/WhatsApp-Image-2022-05-10-at-20.31.32-1.jpeg","contentUrl":"https:\/\/starthubdigital.com\/wp-content\/uploads\/2022\/05\/WhatsApp-Image-2022-05-10-at-20.31.32-1.jpeg","width":724,"height":1024,"caption":"Starthub Digital"},"image":{"@id":"https:\/\/starthubdigital.com\/#logo"}},{"@type":"WebSite","@id":"https:\/\/starthubdigital.com\/#website","url":"https:\/\/starthubdigital.com\/","name":"Starthub Digital","description":"Show Yourself!","publisher":{"@id":"https:\/\/starthubdigital.com\/#organization"},"potentialAction":[{"@type":"SearchAction","target":{"@type":"EntryPoint","urlTemplate":"https:\/\/starthubdigital.com\/?s={search_term_string}"},"query-input":"required name=search_term_string"}],"inLanguage":"en-US"},{"@type":"ImageObject","@id":"https:\/\/starthubdigital.com\/en\/what-we-do\/#primaryimage","inLanguage":"en-US","url":"https:\/\/starthubdigital.com\/wp-content\/uploads\/2021\/05\/erp2-about-pic3.png","contentUrl":"https:\/\/starthubdigital.com\/wp-content\/uploads\/2021\/05\/erp2-about-pic3.png","width":960,"height":694},{"@type":"WebPage","@id":"https:\/\/starthubdigital.com\/en\/what-we-do\/#webpage","url":"https:\/\/starthubdigital.com\/en\/what-we-do\/","name":"Neler Yap\u0131yoruz? - Starthub Digital","isPartOf":{"@id":"https:\/\/starthubdigital.com\/#website"},"primaryImageOfPage":{"@id":"https:\/\/starthubdigital.com\/en\/what-we-do\/#primaryimage"},"datePublished":"2020-06-04T07:47:04+00:00","dateModified":"2021-05-06T21:00:42+00:00","breadcrumb":{"@id":"https:\/\/starthubdigital.com\/en\/what-we-do\/#breadcrumb"},"inLanguage":"en-US","potentialAction":[{"@type":"ReadAction","target":["https:\/\/starthubdigital.com\/en\/what-we-do\/"]}]},{"@type":"BreadcrumbList","@id":"https:\/\/starthubdigital.com\/en\/what-we-do\/#breadcrumb","itemListElement":[{"@type":"ListItem","position":1,"name":"Anasayfa","item":"https:\/\/starthubdigital.com\/"},{"@type":"ListItem","position":2,"name":"Neler Yap\u0131yoruz?"}]}]}},"_links":{"self":[{"href":"https:\/\/starthubdigital.com\/en\/wp-json\/wp\/v2\/pages\/9"}],"collection":[{"href":"https:\/\/starthubdigital.com\/en\/wp-json\/wp\/v2\/pages"}],"about":[{"href":"https:\/\/starthubdigital.com\/en\/wp-json\/wp\/v2\/types\/page"}],"author":[{"embeddable":true,"href":"https:\/\/starthubdigital.com\/en\/wp-json\/wp\/v2\/users\/3"}],"replies":[{"embeddable":true,"href":"https:\/\/starthubdigital.com\/en\/wp-json\/wp\/v2\/comments?post=9"}],"version-history":[{"count":19,"href":"https:\/\/starthubdigital.com\/en\/wp-json\/wp\/v2\/pages\/9\/revisions"}],"predecessor-version":[{"id":158,"href":"https:\/\/starthubdigital.com\/en\/wp-json\/wp\/v2\/pages\/9\/revisions\/158"}],"wp:attachment":[{"href":"https:\/\/starthubdigital.com\/en\/wp-json\/wp\/v2\/media?parent=9"}],"curies":[{"name":"wp","href":"https:\/\/api.w.org\/{rel}","templated":true}]}}