{"id":84,"date":"2020-06-04T10:47:17","date_gmt":"2020-06-04T07:47:17","guid":{"rendered":"https:\/\/themes.muffingroup.com\/be\/erp2\/?page_id=11"},"modified":"2024-07-11T22:31:37","modified_gmt":"2024-07-11T19:31:37","slug":"iletisim","status":"publish","type":"page","link":"https:\/\/starthubdigital.com\/en\/iletisim\/","title":{"rendered":"Contact"},"content":{"rendered":"<div data-elementor-type=\"wp-page\"  data-elementor-id=\"84\"  class=\"elementor elementor-84\"  data-elementor-settings=\"[]\">\n\t\t\t\t\t\t\t<div class=\"elementor-section-wrap\">\n\t\t\t\t\t\t\t<section class=\"elementor-section elementor-top-section elementor-element elementor-element-cc61f83 elementor-section-stretched elementor-section-boxed elementor-section-height-default elementor-section-height-default\"   data-id=\"cc61f83\"   data-element_type=\"section\"   data-settings=\"{&quot;stretch_section&quot;:&quot;section-stretched&quot;,&quot;background_background&quot;:&quot;classic&quot;}\">\n\t\t\t\t\t\t<div class=\"elementor-container elementor-column-gap-wider\">\n\t\t\t\t\t<div class=\"elementor-column elementor-col-100 elementor-top-column elementor-element elementor-element-62f3cbb\"  data-id=\"62f3cbb\" data-element_type=\"column\">\n\t\t\t<div class=\"elementor-widget-wrap elementor-element-populated\">\n\t\t\t\t\t\t\t\t<section class=\"elementor-section elementor-inner-section elementor-element elementor-element-0d3145e elementor-section-boxed elementor-section-height-default elementor-section-height-default\"  data-id=\"0d3145e\"  data-element_type=\"section\">\n\t\t\t\t\t\t<div class=\"elementor-container elementor-column-gap-default\">\n\t\t\t\t\t<div class=\"elementor-column elementor-col-50 elementor-inner-column elementor-element elementor-element-be5f747\" data-id=\"be5f747\" data-element_type=\"column\">\n\t\t\t<div class=\"elementor-widget-wrap elementor-element-populated\" >\n\t\t\t\t\t\t\t\t<div class=\"elementor-element elementor-element-566b739 elementor-widget elementor-widget-text-editor\"   data-id=\"566b739\"   data-element_type=\"widget\"   data-widget_type=\"text-editor.default\">\n\t\t\t\t<div class=\"elementor-widget-container\">\n\t\t\t\t\t<div class=\"elementor-text-editor elementor-clearfix\"><h2>Contact Us<\/h2><p><\/p><\/div>\n\t\t\t\t<\/div>\n\t\t\t\t<\/div>\n\t\t\t\t<div class=\"elementor-element elementor-element-31a5d33 elementor-icon-list--layout-traditional elementor-list-item-link-full_width elementor-widget elementor-widget-icon-list\"   data-id=\"31a5d33\"   data-element_type=\"widget\"   data-widget_type=\"icon-list.default\">\n\t\t\t\t<div class=\"elementor-widget-container\">\n\t\t\t\t\t<ul class=\"elementor-icon-list-items\">\n\t\t\t\t\t\t\t<li class=\"elementor-icon-list-item\">\n\t\t\t\t\t\t\t\t\t\t\t<span class=\"elementor-icon-list-icon\">\n\t\t\t\t\t\t\t<i aria-hidden=\"true\"  class=\"fas fa-mobile-alt\"><\/i>\t\t\t\t\t\t<\/span>\n\t\t\t\t\t\t\t\t\t\t<span class=\"elementor-icon-list-text\">+90 543 786 42 13<\/span>\n\t\t\t\t\t\t\t\t\t<\/li>\n\t\t\t\t\t\t\t\t<li class=\"elementor-icon-list-item\">\n\t\t\t\t\t\t\t\t\t\t\t<span class=\"elementor-icon-list-icon\">\n\t\t\t\t\t\t\t<i aria-hidden=\"true\"  class=\"far fa-envelope\"><\/i>\t\t\t\t\t\t<\/span>\n\t\t\t\t\t\t\t\t\t\t<span class=\"elementor-icon-list-text\">info@starthubdigital.com<\/span>\n\t\t\t\t\t\t\t\t\t<\/li>\n\t\t\t\t\t\t<\/ul>\n\t\t\t\t<\/div>\n\t\t\t\t<\/div>\n\t\t\t\t<div class=\"elementor-element elementor-element-fb5a829 elementor-widget-divider--view-line elementor-widget elementor-widget-divider\"   data-id=\"fb5a829\"   data-element_type=\"widget\"   data-widget_type=\"divider.default\">\n\t\t\t\t<div class=\"elementor-widget-container\">\n\t\t\t\t\t<div class=\"elementor-divider\">\n\t\t\t<span class=\"elementor-divider-separator\">\n\t\t\t\t\t\t<\/span>\n\t\t<\/div>\n\t\t\t\t<\/div>\n\t\t\t\t<\/div>\n\t\t\t\t<div class=\"elementor-element elementor-element-4a38574 elementor-widget elementor-widget-text-editor\"   data-id=\"4a38574\"   data-element_type=\"widget\"   data-widget_type=\"text-editor.default\">\n\t\t\t\t<div class=\"elementor-widget-container\">\n\t\t\t\t\t<div class=\"elementor-text-editor elementor-clearfix\"><h5 class=\"themecolor\"   style=\"font-style: normal; font-variant-ligatures: normal; font-variant-caps: normal; letter-spacing: normal;\">\u0130STANBUL OF\u0130S\u0130<\/h5><h5><span style=\"font-size: 21px; letter-spacing: 0px;\" >15 Temmuz Mah. G\u00fclbahar Cad. Nurol Park H Blok No: 45\/5 \u0130\u00e7 Kap\u0131 No: 115 Ba\u011fc\u0131lar \/ \u0130STANBUL<\/span><\/h5><\/div>\n\t\t\t\t<\/div>\n\t\t\t\t<\/div>\n\t\t\t\t<div class=\"elementor-element elementor-element-e15e176 elementor-widget elementor-widget-text-editor\"   data-id=\"e15e176\"   data-element_type=\"widget\"   data-widget_type=\"text-editor.default\">\n\t\t\t\t<div class=\"elementor-widget-container\">\n\t\t\t\t\t<div class=\"elementor-text-editor elementor-clearfix\"><h5 class=\"themecolor\">\u0130ZM\u0130R OF\u0130S\u0130<\/h5>\n<h4>Cumhuriyet Bul. NO:115 2 Alsancak &#8211; \u0130ZM\u0130R<\/h4>\n<p><\/p><\/div>\n\t\t\t\t<\/div>\n\t\t\t\t<\/div>\n\t\t\t\t<div class=\"elementor-element elementor-element-5b74655 elementor-widget-divider--view-line elementor-widget elementor-widget-divider\"   data-id=\"5b74655\"   data-element_type=\"widget\"   data-widget_type=\"divider.default\">\n\t\t\t\t<div class=\"elementor-widget-container\">\n\t\t\t\t\t<div class=\"elementor-divider\">\n\t\t\t<span class=\"elementor-divider-separator\">\n\t\t\t\t\t\t<\/span>\n\t\t<\/div>\n\t\t\t\t<\/div>\n\t\t\t\t<\/div>\n\t\t\t\t<div class=\"elementor-element elementor-element-4a136f4 elementor-widget elementor-widget-text-editor\"   data-id=\"4a136f4\"   data-element_type=\"widget\"   data-widget_type=\"text-editor.default\">\n\t\t\t\t<div class=\"elementor-widget-container\">\n\t\t\t\t\t<div class=\"elementor-text-editor elementor-clearfix\"><p>Working Hours<br \/>Monday - Friday: 09:00, 18:00<\/p><p><\/p><\/div>\n\t\t\t\t<\/div>\n\t\t\t\t<\/div>\n\t\t\t\t\t<\/div>\n\t\t<\/div>\n\t\t\t\t<div class=\"elementor-column elementor-col-50 elementor-inner-column elementor-element elementor-element-4b0341f\"   data-id=\"4b0341f\"   data-element_type=\"column\">\n\t\t\t<div class=\"elementor-widget-wrap elementor-element-populated\">\n\t\t\t\t\t\t\t\t<div class=\"elementor-element elementor-element-6492a52 elementor-widget elementor-widget-image\"   data-id=\"6492a52\"   data-element_type=\"widget\"  data-widget_type=\"image.default\">\n\t\t\t\t<div class=\"elementor-widget-container\">\n\t\t\t\t\t<div class=\"elementor-image\">\n\t\t\t\t\t\t\t\t\t\t<img width=\"780\"   height=\"875\"   src=\"https:\/\/starthubdigital.com\/wp-content\/uploads\/2020\/06\/erp2-contact-pic1.png\"   class=\"attachment-large size-large\"   alt=\"\"   decoding=\"async\"   loading=\"lazy\"   srcset=\"https:\/\/starthubdigital.com\/wp-content\/uploads\/2020\/06\/erp2-contact-pic1.png 780w, https:\/\/starthubdigital.com\/wp-content\/uploads\/2020\/06\/erp2-contact-pic1-267x300.png 267w, https:\/\/starthubdigital.com\/wp-content\/uploads\/2020\/06\/erp2-contact-pic1-768x862.png 768w, https:\/\/starthubdigital.com\/wp-content\/uploads\/2020\/06\/erp2-contact-pic1-130x146.png 130w, https:\/\/starthubdigital.com\/wp-content\/uploads\/2020\/06\/erp2-contact-pic1-45x50.png 45w, https:\/\/starthubdigital.com\/wp-content\/uploads\/2020\/06\/erp2-contact-pic1-67x75.png 67w\"  sizes=\"(max-width: 780px) 100vw, 780px\" \/>\t\t\t\t\t\t\t\t\t\t\t<\/div>\n\t\t\t\t<\/div>\n\t\t\t\t<\/div>\n\t\t\t\t\t<\/div>\n\t\t<\/div>\n\t\t\t\t\t\t\t<\/div>\n\t\t<\/section>\n\t\t\t\t\t<\/div>\n\t\t<\/div>\n\t\t\t\t\t\t\t<\/div>\n\t\t<\/section>\n\t\t\t\t<section class=\"elementor-section elementor-top-section elementor-element elementor-element-1990931 elementor-section-stretched elementor-section-boxed elementor-section-height-default elementor-section-height-default\"   data-id=\"1990931\"   data-element_type=\"section\"   data-settings=\"{&quot;stretch_section&quot;:&quot;section-stretched&quot;}\">\n\t\t\t\t\t\t<div class=\"elementor-container elementor-column-gap-wider\">\n\t\t\t\t\t<div class=\"elementor-column elementor-col-100 elementor-top-column elementor-element elementor-element-bba463d\"   data-id=\"bba463d\" data-element_type=\"column\">\n\t\t\t<div class=\"elementor-widget-wrap elementor-element-populated\">\n\t\t\t\t\t\t\t\t<section class=\"elementor-section elementor-inner-section elementor-element elementor-element-b9b7dc3 elementor-section-boxed elementor-section-height-default elementor-section-height-default\"  data-id=\"b9b7dc3\" data-element_type=\"section\">\n\t\t\t\t\t\t<div class=\"elementor-container elementor-column-gap-default\">\n\t\t\t\t\t<div class=\"elementor-column elementor-col-100 elementor-inner-column elementor-element elementor-element-f17eb09\"  data-id=\"f17eb09\" data-element_type=\"column\">\n\t\t\t<div class=\"elementor-widget-wrap elementor-element-populated\">\n\t\t\t\t\t\t\t\t<div class=\"elementor-element elementor-element-da464c5 elementor-widget elementor-widget-text-editor\"   data-id=\"da464c5\"  data-element_type=\"widget\" data-widget_type=\"text-editor.default\">\n\t\t\t\t<div class=\"elementor-widget-container\">\n\t\t\t\t\t<div class=\"elementor-text-editor elementor-clearfix\"><h2>Contact Us<\/h2><\/div>\n\t\t\t\t<\/div>\n\t\t\t\t<\/div>\n\t\t\t\t<div class=\"elementor-element elementor-element-e0894f9 elementor-widget elementor-widget-shortcode\"   data-id=\"e0894f9\"   data-element_type=\"widget\"   data-widget_type=\"shortcode.default\">\n\t\t\t\t<div class=\"elementor-widget-container\">\n\t\t\t\t\t<div class=\"elementor-shortcode\" ><div role=\"form\"   class=\"wpcf7\"   id=\"wpcf7-f356-o1\"   lang=\"tr-TR\"  dir=\"ltr\">\n<div class=\"screen-reader-response\"><p role=\"status\"   aria-live=\"polite\"  aria-atomic=\"true\"><\/p> <ul><\/ul><\/div>\n<form action=\"\/en\/wp-json\/wp\/v2\/pages\/84#wpcf7-f356-o1\"   method=\"post\"   class=\"wpcf7-form init\"   novalidate=\"novalidate\"   data-status=\"init\"  data-trp-original-action=\"\/en\/wp-json\/wp\/v2\/pages\/84#wpcf7-f356-o1\">\n<div style=\"display: none;\">\n<input type=\"hidden\"   name=\"_wpcf7\"   value=\"356\" \/>\n<input type=\"hidden\"   name=\"_wpcf7_version\"   value=\"5.5.2\" \/>\n<input type=\"hidden\"   name=\"_wpcf7_locale\" value=\"tr_TR\" \/>\n<input type=\"hidden\"   name=\"_wpcf7_unit_tag\"   value=\"wpcf7-f356-o1\" \/>\n<input type=\"hidden\"   name=\"_wpcf7_container_post\" value=\"0\" \/>\n<input type=\"hidden\"   name=\"_wpcf7_posted_data_hash\" value=\"\" \/>\n<\/div>\n<p><label> Name<br \/>\n    <span class=\"wpcf7-form-control-wrap your-name\"><input type=\"text\"   name=\"your-name\"   value=\"\"   size=\"40\"   class=\"wpcf7-form-control wpcf7-text wpcf7-validates-as-required\"   aria-required=\"true\"   aria-invalid=\"false\" \/><\/span> <\/label><\/p>\n<p><label> E-Mail<br \/>\n    <span class=\"wpcf7-form-control-wrap your-email\"><input type=\"email\"   name=\"your-email\"   value=\"\"   size=\"40\"   class=\"wpcf7-form-control wpcf7-text wpcf7-email wpcf7-validates-as-required wpcf7-validates-as-email\"   aria-required=\"true\"   aria-invalid=\"false\" \/><\/span> <\/label><\/p>\n<p><label> Subject<br \/>\n    <span class=\"wpcf7-form-control-wrap your-subject\"><input type=\"text\"   name=\"your-subject\"   value=\"\"   size=\"40\"   class=\"wpcf7-form-control wpcf7-text wpcf7-validates-as-required\"   aria-required=\"true\"   aria-invalid=\"false\" \/><\/span> <\/label><\/p>\n<p><label> Your Message (optional)<br \/>\n    <span class=\"wpcf7-form-control-wrap your-message\"><textarea name=\"your-message\"   cols=\"40\"   rows=\"10\"   class=\"wpcf7-form-control wpcf7-textarea\"   aria-invalid=\"false\"><\/textarea><\/span> <\/label><\/p>\n<p><input type=\"submit\"   value=\"Send\"   class=\"wpcf7-form-control has-spinner wpcf7-submit\" \/><\/p>\n<div class=\"wpcf7-response-output\"   aria-hidden=\"true\"><\/div><input type=\"hidden\"  name=\"trp-form-language\"  value=\"en\" \/><\/form><\/div><\/div>\n\t\t\t\t<\/div>\n\t\t\t\t<\/div>\n\t\t\t\t\t<\/div>\n\t\t<\/div>\n\t\t\t\t\t\t\t<\/div>\n\t\t<\/section>\n\t\t\t\t\t<\/div>\n\t\t<\/div>\n\t\t\t\t\t\t\t<\/div>\n\t\t<\/section>\n\t\t\t\t\t\t<\/div>\n\t\t\t\t\t<\/div>","protected":false},"excerpt":{"rendered":"<p>\u0130leti\u015fime Ge\u00e7in! +90 543 786 42 13 info@starthubdigital.com \u0130STANBUL OF\u0130S\u0130 15 Temmuz Mah. G\u00fclbahar Cad. Nurol Park H Blok No: 45\/5 \u0130\u00e7 Kap\u0131 No: 115 Ba\u011fc\u0131lar<span class=\"excerpt-hellip\"> [\u2026]<\/span><\/p>","protected":false},"author":3,"featured_media":0,"parent":0,"menu_order":0,"comment_status":"closed","ping_status":"closed","template":"","meta":[],"yoast_head":"<!-- This site is optimized with the Yoast SEO plugin v17.5 - https:\/\/yoast.com\/wordpress\/plugins\/seo\/ -->\n<title>\u0130leti\u015fim - Starthub Digital<\/title>\n<meta name=\"robots\"  content=\"index, follow, max-snippet:-1, max-image-preview:large, max-video-preview:-1\" \/>\n<link rel=\"canonical\"  href=\"https:\/\/starthubdigital.com\/en\/iletisim\/\" \/>\n<meta property=\"og:locale\"  content=\"en_US\" \/>\n<meta property=\"og:type\"  content=\"article\" \/>\n<meta property=\"og:title\"  content=\"\u0130leti\u015fim - Starthub Digital\" \/>\n<meta property=\"og:description\"  content=\"\u0130leti\u015fime Ge\u00e7in! +90 543 786 42 13 info@starthubdigital.com \u0130STANBUL OF\u0130S\u0130 15 Temmuz Mah. G\u00fclbahar Cad. Nurol Park H Blok No: 45\/5 \u0130\u00e7 Kap\u0131 No: 115 Ba\u011fc\u0131lar [\u2026]\" \/>\n<meta property=\"og:url\"  content=\"https:\/\/starthubdigital.com\/en\/iletisim\/\" \/>\n<meta property=\"og:site_name\"  content=\"Starthub Digital\" \/>\n<meta property=\"article:publisher\"  content=\"https:\/\/www.facebook.com\/starthubdigital\" \/>\n<meta property=\"article:modified_time\"  content=\"2024-07-11T19:31:37+00:00\" \/>\n<meta property=\"og:image\"  content=\"https:\/\/starthubdigital.com\/wp-content\/uploads\/2020\/06\/erp2-contact-pic1.png\" \/>\n<meta name=\"twitter:card\" content=\"summary_large_image\" \/>\n<meta name=\"twitter:site\" content=\"@starthubdigital\" \/>\n<meta name=\"twitter:label1\" content=\"Est. reading time\" \/>\n\t<meta name=\"twitter:data1\" content=\"1 minute\" \/>\n<script type=\"application\/ld+json\" class=\"yoast-schema-graph\">{\"@context\":\"https:\/\/schema.org\",\"@graph\":[{\"@type\":\"Organization\",\"@id\":\"https:\/\/starthubdigital.com\/#organization\",\"name\":\"Starthub Digital\",\"url\":\"https:\/\/starthubdigital.com\/\",\"sameAs\":[\"https:\/\/www.facebook.com\/starthubdigital\",\"https:\/\/www.instagram.com\/starthubdigital\/\",\"https:\/\/www.linkedin.com\/company\/81647832\/admin\/\",\"https:\/\/www.youtube.com\/channel\/UCtPJ6ciswIJkBkDqAxngAgw\",\"https:\/\/tr.pinterest.com\/starthubdigital\/_saved\/\",\"https:\/\/twitter.com\/starthubdigital\"],\"logo\":{\"@type\":\"ImageObject\",\"@id\":\"https:\/\/starthubdigital.com\/#logo\",\"inLanguage\":\"en-US\",\"url\":\"https:\/\/starthubdigital.com\/wp-content\/uploads\/2022\/05\/WhatsApp-Image-2022-05-10-at-20.31.32-1.jpeg\",\"contentUrl\":\"https:\/\/starthubdigital.com\/wp-content\/uploads\/2022\/05\/WhatsApp-Image-2022-05-10-at-20.31.32-1.jpeg\",\"width\":724,\"height\":1024,\"caption\":\"Starthub Digital\"},\"image\":{\"@id\":\"https:\/\/starthubdigital.com\/#logo\"}},{\"@type\":\"WebSite\",\"@id\":\"https:\/\/starthubdigital.com\/#website\",\"url\":\"https:\/\/starthubdigital.com\/\",\"name\":\"Starthub Digital\",\"description\":\"Show Yourself!\",\"publisher\":{\"@id\":\"https:\/\/starthubdigital.com\/#organization\"},\"potentialAction\":[{\"@type\":\"SearchAction\",\"target\":{\"@type\":\"EntryPoint\",\"urlTemplate\":\"https:\/\/starthubdigital.com\/?s={search_term_string}\"},\"query-input\":\"required name=search_term_string\"}],\"inLanguage\":\"en-US\"},{\"@type\":\"ImageObject\",\"@id\":\"https:\/\/starthubdigital.com\/iletisim\/#primaryimage\",\"inLanguage\":\"en-US\",\"url\":\"https:\/\/starthubdigital.com\/wp-content\/uploads\/2020\/06\/erp2-contact-pic1.png\",\"contentUrl\":\"https:\/\/starthubdigital.com\/wp-content\/uploads\/2020\/06\/erp2-contact-pic1.png\",\"width\":780,\"height\":875},{\"@type\":\"WebPage\",\"@id\":\"https:\/\/starthubdigital.com\/iletisim\/#webpage\",\"url\":\"https:\/\/starthubdigital.com\/iletisim\/\",\"name\":\"\\u0130leti\\u015fim - Starthub Digital\",\"isPartOf\":{\"@id\":\"https:\/\/starthubdigital.com\/#website\"},\"primaryImageOfPage\":{\"@id\":\"https:\/\/starthubdigital.com\/iletisim\/#primaryimage\"},\"datePublished\":\"2020-06-04T07:47:17+00:00\",\"dateModified\":\"2024-07-11T19:31:37+00:00\",\"breadcrumb\":{\"@id\":\"https:\/\/starthubdigital.com\/iletisim\/#breadcrumb\"},\"inLanguage\":\"en-US\",\"potentialAction\":[{\"@type\":\"ReadAction\",\"target\":[\"https:\/\/starthubdigital.com\/iletisim\/\"]}]},{\"@type\":\"BreadcrumbList\",\"@id\":\"https:\/\/starthubdigital.com\/iletisim\/#breadcrumb\",\"itemListElement\":[{\"@type\":\"ListItem\",\"position\":1,\"name\":\"Anasayfa\",\"item\":\"https:\/\/starthubdigital.com\/\"},{\"@type\":\"ListItem\",\"position\":2,\"name\":\"\\u0130leti\\u015fim\"}]}]}<\/script>\n<!-- \/ Yoast SEO plugin. -->","yoast_head_json":{"title":"\u0130leti\u015fim - Starthub Digital","robots":{"index":"index","follow":"follow","max-snippet":"max-snippet:-1","max-image-preview":"max-image-preview:large","max-video-preview":"max-video-preview:-1"},"canonical":"https:\/\/starthubdigital.com\/en\/iletisim\/","og_locale":"en_US","og_type":"article","og_title":"\u0130leti\u015fim - Starthub Digital","og_description":"\u0130leti\u015fime Ge\u00e7in! +90 543 786 42 13 info@starthubdigital.com \u0130STANBUL OF\u0130S\u0130 15 Temmuz Mah. G\u00fclbahar Cad. Nurol Park H Blok No: 45\/5 \u0130\u00e7 Kap\u0131 No: 115 Ba\u011fc\u0131lar [\u2026]","og_url":"https:\/\/starthubdigital.com\/en\/iletisim\/","og_site_name":"Starthub Digital","article_publisher":"https:\/\/www.facebook.com\/starthubdigital","article_modified_time":"2024-07-11T19:31:37+00:00","og_image":[{"url":"https:\/\/starthubdigital.com\/wp-content\/uploads\/2020\/06\/erp2-contact-pic1.png"}],"twitter_card":"summary_large_image","twitter_site":"@starthubdigital","twitter_misc":{"Est. reading time":"1 minute"},"schema":{"@context":"https:\/\/schema.org","@graph":[{"@type":"Organization","@id":"https:\/\/starthubdigital.com\/#organization","name":"Starthub Digital","url":"https:\/\/starthubdigital.com\/","sameAs":["https:\/\/www.facebook.com\/starthubdigital","https:\/\/www.instagram.com\/starthubdigital\/","https:\/\/www.linkedin.com\/company\/81647832\/admin\/","https:\/\/www.youtube.com\/channel\/UCtPJ6ciswIJkBkDqAxngAgw","https:\/\/tr.pinterest.com\/starthubdigital\/_saved\/","https:\/\/twitter.com\/starthubdigital"],"logo":{"@type":"ImageObject","@id":"https:\/\/starthubdigital.com\/#logo","inLanguage":"en-US","url":"https:\/\/starthubdigital.com\/wp-content\/uploads\/2022\/05\/WhatsApp-Image-2022-05-10-at-20.31.32-1.jpeg","contentUrl":"https:\/\/starthubdigital.com\/wp-content\/uploads\/2022\/05\/WhatsApp-Image-2022-05-10-at-20.31.32-1.jpeg","width":724,"height":1024,"caption":"Starthub Digital"},"image":{"@id":"https:\/\/starthubdigital.com\/#logo"}},{"@type":"WebSite","@id":"https:\/\/starthubdigital.com\/#website","url":"https:\/\/starthubdigital.com\/","name":"Starthub Digital","description":"Show Yourself!","publisher":{"@id":"https:\/\/starthubdigital.com\/#organization"},"potentialAction":[{"@type":"SearchAction","target":{"@type":"EntryPoint","urlTemplate":"https:\/\/starthubdigital.com\/?s={search_term_string}"},"query-input":"required name=search_term_string"}],"inLanguage":"en-US"},{"@type":"ImageObject","@id":"https:\/\/starthubdigital.com\/iletisim\/#primaryimage","inLanguage":"en-US","url":"https:\/\/starthubdigital.com\/wp-content\/uploads\/2020\/06\/erp2-contact-pic1.png","contentUrl":"https:\/\/starthubdigital.com\/wp-content\/uploads\/2020\/06\/erp2-contact-pic1.png","width":780,"height":875},{"@type":"WebPage","@id":"https:\/\/starthubdigital.com\/iletisim\/#webpage","url":"https:\/\/starthubdigital.com\/iletisim\/","name":"\u0130leti\u015fim - Starthub Digital","isPartOf":{"@id":"https:\/\/starthubdigital.com\/#website"},"primaryImageOfPage":{"@id":"https:\/\/starthubdigital.com\/iletisim\/#primaryimage"},"datePublished":"2020-06-04T07:47:17+00:00","dateModified":"2024-07-11T19:31:37+00:00","breadcrumb":{"@id":"https:\/\/starthubdigital.com\/iletisim\/#breadcrumb"},"inLanguage":"en-US","potentialAction":[{"@type":"ReadAction","target":["https:\/\/starthubdigital.com\/iletisim\/"]}]},{"@type":"BreadcrumbList","@id":"https:\/\/starthubdigital.com\/iletisim\/#breadcrumb","itemListElement":[{"@type":"ListItem","position":1,"name":"Anasayfa","item":"https:\/\/starthubdigital.com\/"},{"@type":"ListItem","position":2,"name":"\u0130leti\u015fim"}]}]}},"_links":{"self":[{"href":"https:\/\/starthubdigital.com\/en\/wp-json\/wp\/v2\/pages\/84"}],"collection":[{"href":"https:\/\/starthubdigital.com\/en\/wp-json\/wp\/v2\/pages"}],"about":[{"href":"https:\/\/starthubdigital.com\/en\/wp-json\/wp\/v2\/types\/page"}],"author":[{"embeddable":true,"href":"https:\/\/starthubdigital.com\/en\/wp-json\/wp\/v2\/users\/3"}],"replies":[{"embeddable":true,"href":"https:\/\/starthubdigital.com\/en\/wp-json\/wp\/v2\/comments?post=84"}],"version-history":[{"count":16,"href":"https:\/\/starthubdigital.com\/en\/wp-json\/wp\/v2\/pages\/84\/revisions"}],"predecessor-version":[{"id":527,"href":"https:\/\/starthubdigital.com\/en\/wp-json\/wp\/v2\/pages\/84\/revisions\/527"}],"wp:attachment":[{"href":"https:\/\/starthubdigital.com\/en\/wp-json\/wp\/v2\/media?parent=84"}],"curies":[{"name":"wp","href":"https:\/\/api.w.org\/{rel}","templated":true}]}}