{"id":160,"date":"2021-05-07T00:03:42","date_gmt":"2021-05-06T21:03:42","guid":{"rendered":"https:\/\/starthubdigital.com\/?page_id=160"},"modified":"2021-11-02T23:48:46","modified_gmt":"2021-11-02T20:48:46","slug":"vizyon-misyon","status":"publish","type":"page","link":"https:\/\/starthubdigital.com\/en\/vizyon-misyon\/","title":{"rendered":"Vision &amp; Mission"},"content":{"rendered":"<div data-elementor-type=\"wp-page\"  data-elementor-id=\"160\"  class=\"elementor elementor-160\"  data-elementor-settings=\"[]\">\n\t\t\t\t\t\t\t<div class=\"elementor-section-wrap\">\n\t\t\t\t\t\t\t<section class=\"elementor-section elementor-top-section elementor-element elementor-element-6edc9e7 elementor-section-stretched elementor-section-boxed elementor-section-height-default elementor-section-height-default\"   data-id=\"6edc9e7\"   data-element_type=\"section\"   data-settings=\"{&quot;stretch_section&quot;:&quot;section-stretched&quot;}\">\n\t\t\t\t\t\t<div class=\"elementor-container elementor-column-gap-wider\">\n\t\t\t\t\t<div class=\"elementor-column elementor-col-100 elementor-top-column elementor-element elementor-element-60bd3dd\"   data-id=\"60bd3dd\"  data-element_type=\"column\">\n\t\t\t<div class=\"elementor-widget-wrap elementor-element-populated\">\n\t\t\t\t\t\t\t\t<div class=\"elementor-element elementor-element-c54318f elementor-widget elementor-widget-image\"   data-id=\"c54318f\"   data-element_type=\"widget\" data-widget_type=\"image.default\">\n\t\t\t\t<div class=\"elementor-widget-container\">\n\t\t\t\t\t<div class=\"elementor-image\">\n\t\t\t\t\t\t\t\t\t\t<img width=\"1073\"   height=\"433\"   src=\"https:\/\/starthubdigital.com\/wp-content\/uploads\/2021\/11\/Ekran-Resmi-2021-11-02-23.38.00.png\"   class=\"attachment-full size-full\"   alt=\"\"   decoding=\"async\"   loading=\"lazy\"   srcset=\"https:\/\/starthubdigital.com\/wp-content\/uploads\/2021\/11\/Ekran-Resmi-2021-11-02-23.38.00.png 888w, https:\/\/starthubdigital.com\/wp-content\/uploads\/2021\/11\/Ekran-Resmi-2021-11-02-23.38.00-300x160.png 300w, https:\/\/starthubdigital.com\/wp-content\/uploads\/2021\/11\/Ekran-Resmi-2021-11-02-23.38.00-768x409.png 768w, https:\/\/starthubdigital.com\/wp-content\/uploads\/2021\/11\/Ekran-Resmi-2021-11-02-23.38.00-18x10.png 18w, https:\/\/starthubdigital.com\/wp-content\/uploads\/2021\/11\/Ekran-Resmi-2021-11-02-23.38.00-260x138.png 260w, https:\/\/starthubdigital.com\/wp-content\/uploads\/2021\/11\/Ekran-Resmi-2021-11-02-23.38.00-50x27.png 50w, https:\/\/starthubdigital.com\/wp-content\/uploads\/2021\/11\/Ekran-Resmi-2021-11-02-23.38.00-141x75.png 141w\"  sizes=\"(max-width: 1073px) 100vw, 1073px\" \/>\t\t\t\t\t\t\t\t\t\t\t<\/div>\n\t\t\t\t<\/div>\n\t\t\t\t<\/div>\n\t\t\t\t<div class=\"elementor-element elementor-element-b962655 elementor-widget elementor-widget-heading\"   data-id=\"b962655\"   data-element_type=\"widget\"   data-widget_type=\"heading.default\">\n\t\t\t\t<div class=\"elementor-widget-container\">\n\t\t\t<h3 class=\"elementor-heading-title elementor-size-default\">Step 1: Strategy &amp; Awareness<\/h3>\t\t<\/div>\n\t\t\t\t<\/div>\n\t\t\t\t<div class=\"elementor-element elementor-element-12b7dab elementor-widget elementor-widget-text-editor\"   data-id=\"12b7dab\"   data-element_type=\"widget\"   data-widget_type=\"text-editor.default\">\n\t\t\t\t<div class=\"elementor-widget-container\">\n\t\t\t\t\t<div class=\"elementor-text-editor elementor-clearfix\"><p>Every brand needs a plan to attract consumers. In order to achieve this, we must first know our customers and understand their needs correctly. Right after, we examine the customer's opinions and ideas and learn how they talk and behave.<\/p><p>We need to know how the customer interacts with the brand. While all this is happening, we learn about the products of their competitors.<\/p><p>As a result of all these efforts, we come up with a unique concept that coincides with the attitudes and behaviors, life views, tendencies and values \u200b\u200bof the customers.<\/p><p>That's when we've developed a reality-based plan!<\/p><p><\/p><\/div>\n\t\t\t\t<\/div>\n\t\t\t\t<\/div>\n\t\t\t\t<div class=\"elementor-element elementor-element-5f02cf3 elementor-widget elementor-widget-heading\"   data-id=\"5f02cf3\"   data-element_type=\"widget\"   data-widget_type=\"heading.default\">\n\t\t\t\t<div class=\"elementor-widget-container\">\n\t\t\t<h3 class=\"elementor-heading-title elementor-size-default\">Step 2: Linked Apps<\/h3>\t\t<\/div>\n\t\t\t\t<\/div>\n\t\t\t\t<div class=\"elementor-element elementor-element-74451d7 elementor-widget elementor-widget-text-editor\"   data-id=\"74451d7\"   data-element_type=\"widget\"   data-widget_type=\"text-editor.default\">\n\t\t\t\t<div class=\"elementor-widget-container\">\n\t\t\t\t\t<div class=\"elementor-text-editor elementor-clearfix\"><p>We create integrated experiences and open channels where people can communicate with the brand. We develop holistic platforms, campaigns and ecosystems. These apps help brands become a part of people's daily lives.<\/p><p>A website or microsite, iPhone app or Android app, a mobile website or even social apps are included in the \u201cLinked Apps\u201d cluster.<\/p><p>Once all these apps are integrated, it starts spinning. Here is an amazing machine that works for you 24 hours a day, 7 days a week!<\/p><\/div>\n\t\t\t\t<\/div>\n\t\t\t\t<\/div>\n\t\t\t\t<div class=\"elementor-element elementor-element-4918ee8 elementor-widget elementor-widget-heading\"   data-id=\"4918ee8\"   data-element_type=\"widget\"   data-widget_type=\"heading.default\">\n\t\t\t\t<div class=\"elementor-widget-container\">\n\t\t\t<h3 class=\"elementor-heading-title elementor-size-default\">Step 3: Insight &amp; Optimization<\/h3>\t\t<\/div>\n\t\t\t\t<\/div>\n\t\t\t\t<div class=\"elementor-element elementor-element-cea2ba7 elementor-widget elementor-widget-text-editor\"   data-id=\"cea2ba7\"   data-element_type=\"widget\"   data-widget_type=\"text-editor.default\">\n\t\t\t\t<div class=\"elementor-widget-container\">\n\t\t\t\t\t<div class=\"elementor-text-editor elementor-clearfix\"><p>We test the business, update targets and measure to ensure the effectiveness of cross multi-brand touchpoints.<\/p><p>To enable you to better meet customer needs; We analyze human behavior. By using two-way communication and feedback channels, we enable you to develop your next generation products and services.<\/p><p>As a result; we polish and elevate the positive, smooth the negative!<\/p><p><\/p><\/div>\n\t\t\t\t<\/div>\n\t\t\t\t<\/div>\n\t\t\t\t<div class=\"elementor-element elementor-element-0577b6e elementor-widget elementor-widget-heading\"   data-id=\"0577b6e\"   data-element_type=\"widget\"   data-widget_type=\"heading.default\">\n\t\t\t\t<div class=\"elementor-widget-container\">\n\t\t\t<h3 class=\"elementor-heading-title elementor-size-default\">Step 4: Product Development<\/h3>\t\t<\/div>\n\t\t\t\t<\/div>\n\t\t\t\t<div class=\"elementor-element elementor-element-19f9f28 elementor-widget elementor-widget-text-editor\"   data-id=\"19f9f28\"   data-element_type=\"widget\"   data-widget_type=\"text-editor.default\">\n\t\t\t\t<div class=\"elementor-widget-container\">\n\t\t\t\t\t<div class=\"elementor-text-editor elementor-clearfix\"><p>A product is not just something you hold in your hand. Product; deep ownership plays a key role in the ecosystem and cross channels. When product development and marketing need to be integrated, the product; feedback and attitude capture point.<\/p><p>This enables real people to become stakeholders in your future product development, unlocking new monetization opportunities.<\/p><p>This whole process is not just for today's customers. It contains all the information you need to acquire in order to build relationships with your future customers.<\/p><\/div>\n\t\t\t\t<\/div>\n\t\t\t\t<\/div>\n\t\t\t\t\t<\/div>\n\t\t<\/div>\n\t\t\t\t\t\t\t<\/div>\n\t\t<\/section>\n\t\t\t\t<section class=\"elementor-section elementor-top-section elementor-element elementor-element-97139d6 elementor-section-full_width elementor-section-stretched elementor-section-height-default elementor-section-height-default\"   data-id=\"97139d6\"   data-element_type=\"section\"   data-settings=\"{&quot;stretch_section&quot;:&quot;section-stretched&quot;}\">\n\t\t\t\t\t\t<div class=\"elementor-container elementor-column-gap-wider\">\n\t\t\t\t\t\t\t\t<\/div>\n\t\t<\/section>\n\t\t\t\t<section class=\"elementor-section elementor-top-section elementor-element elementor-element-99dd9a7 elementor-section-stretched elementor-section-boxed elementor-section-height-default elementor-section-height-default\"   data-id=\"99dd9a7\"   data-element_type=\"section\"   data-settings=\"{&quot;stretch_section&quot;:&quot;section-stretched&quot;,&quot;background_background&quot;:&quot;classic&quot;}\">\n\t\t\t\t\t\t<div class=\"elementor-container elementor-column-gap-wider\">\n\t\t\t\t\t<div class=\"elementor-column elementor-col-100 elementor-top-column elementor-element elementor-element-06ed020\"   data-id=\"06ed020\"  data-element_type=\"column\">\n\t\t\t<div class=\"elementor-widget-wrap elementor-element-populated\">\n\t\t\t\t\t\t\t\t<section class=\"elementor-section elementor-inner-section elementor-element elementor-element-8bd1102 elementor-section-content-middle elementor-section-boxed elementor-section-height-default elementor-section-height-default\"  data-id=\"8bd1102\" data-element_type=\"section\">\n\t\t\t\t\t\t<div class=\"elementor-container elementor-column-gap-default\">\n\t\t\t\t\t<div class=\"elementor-column elementor-col-33 elementor-inner-column elementor-element elementor-element-a9b0424\"  data-id=\"a9b0424\" data-element_type=\"column\">\n\t\t\t<div class=\"elementor-widget-wrap\">\n\t\t\t\t\t\t\t\t\t<\/div>\n\t\t<\/div>\n\t\t\t\t<div class=\"elementor-column elementor-col-33 elementor-inner-column elementor-element elementor-element-70d584a\"   data-id=\"70d584a\"   data-element_type=\"column\">\n\t\t\t<div class=\"elementor-widget-wrap elementor-element-populated\">\n\t\t\t\t\t\t\t\t<div class=\"elementor-element elementor-element-6322db7 elementor-widget elementor-widget-text-editor\"   data-id=\"6322db7\"   data-element_type=\"widget\"   data-widget_type=\"text-editor.default\">\n\t\t\t\t<div class=\"elementor-widget-container\">\n\t\t\t\t\t<div class=\"elementor-text-editor elementor-clearfix\"><h5>For all your questions, comments and suggestions<\/h5>\n<h3><span style=\"color: #000000;\" >Call us now!<\/span><\/h3>\n&nbsp;<\/div>\n\t\t\t\t<\/div>\n\t\t\t\t<\/div>\n\t\t\t\t\t<\/div>\n\t\t<\/div>\n\t\t\t\t<div class=\"elementor-column elementor-col-33 elementor-inner-column elementor-element elementor-element-99d5f71\"   data-id=\"99d5f71\"   data-element_type=\"column\">\n\t\t\t<div class=\"elementor-widget-wrap elementor-element-populated\">\n\t\t\t\t\t\t\t\t<div class=\"elementor-element elementor-element-bf9f308 elementor-align-center elementor-widget elementor-widget-button\"   data-id=\"bf9f308\"   data-element_type=\"widget\"  data-widget_type=\"button.default\">\n\t\t\t\t<div class=\"elementor-widget-container\">\n\t\t\t\t\t<div class=\"elementor-button-wrapper\">\n\t\t\t<a href=\"https:\/\/starthubdigital.com\/en\/contact\/\"   class=\"elementor-button-link elementor-button elementor-size-sm\" role=\"button\">\n\t\t\t\t\t\t<span class=\"elementor-button-content-wrapper\">\n\t\t\t\t\t\t<span class=\"elementor-button-text\">Contact us<\/span>\n\t\t<\/span>\n\t\t\t\t\t<\/a>\n\t\t<\/div>\n\t\t\t\t<\/div>\n\t\t\t\t<\/div>\n\t\t\t\t\t<\/div>\n\t\t<\/div>\n\t\t\t\t\t\t\t<\/div>\n\t\t<\/section>\n\t\t\t\t\t<\/div>\n\t\t<\/div>\n\t\t\t\t\t\t\t<\/div>\n\t\t<\/section>\n\t\t\t\t\t\t<\/div>\n\t\t\t\t\t<\/div>","protected":false},"excerpt":{"rendered":"<p>Ad\u0131m 1: Strateji &amp; Fark\u0131ndal\u0131k Her marka t\u00fcketicileri cezbetmek i\u00e7in bir plana ihtiya\u00e7 duyar. Bunu ba\u015farabilmek i\u00e7in \u00f6ncelikle m\u00fc\u015fterimizi tan\u0131mal\u0131 ve onun ihtiya\u00e7lar\u0131n\u0131 do\u011fru anlamal\u0131y\u0131z. Hemen<span class=\"excerpt-hellip\"> [\u2026]<\/span><\/p>","protected":false},"author":3,"featured_media":0,"parent":0,"menu_order":0,"comment_status":"closed","ping_status":"closed","template":"","meta":[],"yoast_head":"<!-- This site is optimized with the Yoast SEO plugin v17.5 - https:\/\/yoast.com\/wordpress\/plugins\/seo\/ -->\n<title>Vizyon &amp; Misyon - Starthub Digital<\/title>\n<meta name=\"robots\"  content=\"index, follow, max-snippet:-1, max-image-preview:large, max-video-preview:-1\" \/>\n<link rel=\"canonical\"  href=\"https:\/\/starthubdigital.com\/en\/vizyon-misyon\/\" \/>\n<meta property=\"og:locale\"  content=\"en_US\" \/>\n<meta property=\"og:type\"  content=\"article\" \/>\n<meta property=\"og:title\"  content=\"Vizyon &amp; Misyon - Starthub Digital\" \/>\n<meta property=\"og:description\"  content=\"Ad\u0131m 1: Strateji &amp; Fark\u0131ndal\u0131k Her marka t\u00fcketicileri cezbetmek i\u00e7in bir plana ihtiya\u00e7 duyar. Bunu ba\u015farabilmek i\u00e7in \u00f6ncelikle m\u00fc\u015fterimizi tan\u0131mal\u0131 ve onun ihtiya\u00e7lar\u0131n\u0131 do\u011fru anlamal\u0131y\u0131z. Hemen [\u2026]\" \/>\n<meta property=\"og:url\"  content=\"https:\/\/starthubdigital.com\/en\/vizyon-misyon\/\" \/>\n<meta property=\"og:site_name\"  content=\"Starthub Digital\" \/>\n<meta property=\"article:publisher\"  content=\"https:\/\/www.facebook.com\/starthubdigital\" \/>\n<meta property=\"article:modified_time\"  content=\"2021-11-02T20:48:46+00:00\" \/>\n<meta property=\"og:image\"  content=\"https:\/\/starthubdigital.com\/wp-content\/uploads\/2021\/05\/strateji1.png\" \/>\n<meta name=\"twitter:card\" content=\"summary_large_image\" \/>\n<meta name=\"twitter:site\" content=\"@starthubdigital\" \/>\n<meta name=\"twitter:label1\" content=\"Est. reading time\" \/>\n\t<meta name=\"twitter:data1\" content=\"2 minutes\" \/>\n<script type=\"application\/ld+json\" class=\"yoast-schema-graph\">{\"@context\":\"https:\/\/schema.org\",\"@graph\":[{\"@type\":\"Organization\",\"@id\":\"https:\/\/starthubdigital.com\/#organization\",\"name\":\"Starthub Digital\",\"url\":\"https:\/\/starthubdigital.com\/\",\"sameAs\":[\"https:\/\/www.facebook.com\/starthubdigital\",\"https:\/\/www.instagram.com\/starthubdigital\/\",\"https:\/\/www.linkedin.com\/company\/81647832\/admin\/\",\"https:\/\/www.youtube.com\/channel\/UCtPJ6ciswIJkBkDqAxngAgw\",\"https:\/\/tr.pinterest.com\/starthubdigital\/_saved\/\",\"https:\/\/twitter.com\/starthubdigital\"],\"logo\":{\"@type\":\"ImageObject\",\"@id\":\"https:\/\/starthubdigital.com\/#logo\",\"inLanguage\":\"en-US\",\"url\":\"https:\/\/starthubdigital.com\/wp-content\/uploads\/2022\/05\/WhatsApp-Image-2022-05-10-at-20.31.32-1.jpeg\",\"contentUrl\":\"https:\/\/starthubdigital.com\/wp-content\/uploads\/2022\/05\/WhatsApp-Image-2022-05-10-at-20.31.32-1.jpeg\",\"width\":724,\"height\":1024,\"caption\":\"Starthub Digital\"},\"image\":{\"@id\":\"https:\/\/starthubdigital.com\/#logo\"}},{\"@type\":\"WebSite\",\"@id\":\"https:\/\/starthubdigital.com\/#website\",\"url\":\"https:\/\/starthubdigital.com\/\",\"name\":\"Starthub Digital\",\"description\":\"Show Yourself!\",\"publisher\":{\"@id\":\"https:\/\/starthubdigital.com\/#organization\"},\"potentialAction\":[{\"@type\":\"SearchAction\",\"target\":{\"@type\":\"EntryPoint\",\"urlTemplate\":\"https:\/\/starthubdigital.com\/?s={search_term_string}\"},\"query-input\":\"required name=search_term_string\"}],\"inLanguage\":\"en-US\"},{\"@type\":\"ImageObject\",\"@id\":\"https:\/\/starthubdigital.com\/en\/vizyon-misyon\/#primaryimage\",\"inLanguage\":\"en-US\",\"url\":\"https:\/\/starthubdigital.com\/wp-content\/uploads\/2021\/05\/strateji1.png\",\"contentUrl\":\"https:\/\/starthubdigital.com\/wp-content\/uploads\/2021\/05\/strateji1.png\",\"width\":1073,\"height\":433},{\"@type\":\"WebPage\",\"@id\":\"https:\/\/starthubdigital.com\/en\/vizyon-misyon\/#webpage\",\"url\":\"https:\/\/starthubdigital.com\/en\/vizyon-misyon\/\",\"name\":\"Vizyon & Misyon - Starthub Digital\",\"isPartOf\":{\"@id\":\"https:\/\/starthubdigital.com\/#website\"},\"primaryImageOfPage\":{\"@id\":\"https:\/\/starthubdigital.com\/en\/vizyon-misyon\/#primaryimage\"},\"datePublished\":\"2021-05-06T21:03:42+00:00\",\"dateModified\":\"2021-11-02T20:48:46+00:00\",\"breadcrumb\":{\"@id\":\"https:\/\/starthubdigital.com\/en\/vizyon-misyon\/#breadcrumb\"},\"inLanguage\":\"en-US\",\"potentialAction\":[{\"@type\":\"ReadAction\",\"target\":[\"https:\/\/starthubdigital.com\/en\/vizyon-misyon\/\"]}]},{\"@type\":\"BreadcrumbList\",\"@id\":\"https:\/\/starthubdigital.com\/en\/vizyon-misyon\/#breadcrumb\",\"itemListElement\":[{\"@type\":\"ListItem\",\"position\":1,\"name\":\"Anasayfa\",\"item\":\"https:\/\/starthubdigital.com\/\"},{\"@type\":\"ListItem\",\"position\":2,\"name\":\"Vizyon &#038; Misyon\"}]}]}<\/script>\n<!-- \/ Yoast SEO plugin. -->","yoast_head_json":{"title":"Vizyon & Misyon - Starthub Digital","robots":{"index":"index","follow":"follow","max-snippet":"max-snippet:-1","max-image-preview":"max-image-preview:large","max-video-preview":"max-video-preview:-1"},"canonical":"https:\/\/starthubdigital.com\/en\/vizyon-misyon\/","og_locale":"en_US","og_type":"article","og_title":"Vizyon & Misyon - Starthub Digital","og_description":"Ad\u0131m 1: Strateji &amp; Fark\u0131ndal\u0131k Her marka t\u00fcketicileri cezbetmek i\u00e7in bir plana ihtiya\u00e7 duyar. Bunu ba\u015farabilmek i\u00e7in \u00f6ncelikle m\u00fc\u015fterimizi tan\u0131mal\u0131 ve onun ihtiya\u00e7lar\u0131n\u0131 do\u011fru anlamal\u0131y\u0131z. Hemen [\u2026]","og_url":"https:\/\/starthubdigital.com\/en\/vizyon-misyon\/","og_site_name":"Starthub Digital","article_publisher":"https:\/\/www.facebook.com\/starthubdigital","article_modified_time":"2021-11-02T20:48:46+00:00","og_image":[{"url":"https:\/\/starthubdigital.com\/wp-content\/uploads\/2021\/05\/strateji1.png"}],"twitter_card":"summary_large_image","twitter_site":"@starthubdigital","twitter_misc":{"Est. reading time":"2 minutes"},"schema":{"@context":"https:\/\/schema.org","@graph":[{"@type":"Organization","@id":"https:\/\/starthubdigital.com\/#organization","name":"Starthub Digital","url":"https:\/\/starthubdigital.com\/","sameAs":["https:\/\/www.facebook.com\/starthubdigital","https:\/\/www.instagram.com\/starthubdigital\/","https:\/\/www.linkedin.com\/company\/81647832\/admin\/","https:\/\/www.youtube.com\/channel\/UCtPJ6ciswIJkBkDqAxngAgw","https:\/\/tr.pinterest.com\/starthubdigital\/_saved\/","https:\/\/twitter.com\/starthubdigital"],"logo":{"@type":"ImageObject","@id":"https:\/\/starthubdigital.com\/#logo","inLanguage":"en-US","url":"https:\/\/starthubdigital.com\/wp-content\/uploads\/2022\/05\/WhatsApp-Image-2022-05-10-at-20.31.32-1.jpeg","contentUrl":"https:\/\/starthubdigital.com\/wp-content\/uploads\/2022\/05\/WhatsApp-Image-2022-05-10-at-20.31.32-1.jpeg","width":724,"height":1024,"caption":"Starthub Digital"},"image":{"@id":"https:\/\/starthubdigital.com\/#logo"}},{"@type":"WebSite","@id":"https:\/\/starthubdigital.com\/#website","url":"https:\/\/starthubdigital.com\/","name":"Starthub Digital","description":"Show Yourself!","publisher":{"@id":"https:\/\/starthubdigital.com\/#organization"},"potentialAction":[{"@type":"SearchAction","target":{"@type":"EntryPoint","urlTemplate":"https:\/\/starthubdigital.com\/?s={search_term_string}"},"query-input":"required name=search_term_string"}],"inLanguage":"en-US"},{"@type":"ImageObject","@id":"https:\/\/starthubdigital.com\/en\/vizyon-misyon\/#primaryimage","inLanguage":"en-US","url":"https:\/\/starthubdigital.com\/wp-content\/uploads\/2021\/05\/strateji1.png","contentUrl":"https:\/\/starthubdigital.com\/wp-content\/uploads\/2021\/05\/strateji1.png","width":1073,"height":433},{"@type":"WebPage","@id":"https:\/\/starthubdigital.com\/en\/vizyon-misyon\/#webpage","url":"https:\/\/starthubdigital.com\/en\/vizyon-misyon\/","name":"Vizyon & Misyon - Starthub Digital","isPartOf":{"@id":"https:\/\/starthubdigital.com\/#website"},"primaryImageOfPage":{"@id":"https:\/\/starthubdigital.com\/en\/vizyon-misyon\/#primaryimage"},"datePublished":"2021-05-06T21:03:42+00:00","dateModified":"2021-11-02T20:48:46+00:00","breadcrumb":{"@id":"https:\/\/starthubdigital.com\/en\/vizyon-misyon\/#breadcrumb"},"inLanguage":"en-US","potentialAction":[{"@type":"ReadAction","target":["https:\/\/starthubdigital.com\/en\/vizyon-misyon\/"]}]},{"@type":"BreadcrumbList","@id":"https:\/\/starthubdigital.com\/en\/vizyon-misyon\/#breadcrumb","itemListElement":[{"@type":"ListItem","position":1,"name":"Anasayfa","item":"https:\/\/starthubdigital.com\/"},{"@type":"ListItem","position":2,"name":"Vizyon &#038; Misyon"}]}]}},"_links":{"self":[{"href":"https:\/\/starthubdigital.com\/en\/wp-json\/wp\/v2\/pages\/160"}],"collection":[{"href":"https:\/\/starthubdigital.com\/en\/wp-json\/wp\/v2\/pages"}],"about":[{"href":"https:\/\/starthubdigital.com\/en\/wp-json\/wp\/v2\/types\/page"}],"author":[{"embeddable":true,"href":"https:\/\/starthubdigital.com\/en\/wp-json\/wp\/v2\/users\/3"}],"replies":[{"embeddable":true,"href":"https:\/\/starthubdigital.com\/en\/wp-json\/wp\/v2\/comments?post=160"}],"version-history":[{"count":20,"href":"https:\/\/starthubdigital.com\/en\/wp-json\/wp\/v2\/pages\/160\/revisions"}],"predecessor-version":[{"id":455,"href":"https:\/\/starthubdigital.com\/en\/wp-json\/wp\/v2\/pages\/160\/revisions\/455"}],"wp:attachment":[{"href":"https:\/\/starthubdigital.com\/en\/wp-json\/wp\/v2\/media?parent=160"}],"curies":[{"name":"wp","href":"https:\/\/api.w.org\/{rel}","templated":true}]}}